{"id":1314,"date":"2026-01-22T22:56:49","date_gmt":"2026-01-22T22:56:49","guid":{"rendered":"https:\/\/updates.mesure-afrique.com\/track-request\/"},"modified":"2026-04-12T01:16:22","modified_gmt":"2026-04-12T01:16:22","slug":"suivi-de-dossier","status":"publish","type":"page","link":"https:\/\/updates.mesure-afrique.com\/en\/suivi-de-dossier\/","title":{"rendered":"Suivi de dossier"},"content":{"rendered":"<div data-elementor-type=\"wp-page\" data-elementor-id=\"1314\" class=\"elementor elementor-1314\" data-elementor-post-type=\"page\">\n\t\t\t\t<div class=\"elementor-element elementor-element-7668803 e-flex e-con-boxed e-con e-parent\" data-id=\"7668803\" data-element_type=\"container\" data-e-type=\"container\">\n\t\t\t\t\t<div class=\"e-con-inner\">\n\t\t<div class=\"elementor-element elementor-element-85cfccb e-con-full e-flex e-con e-child\" data-id=\"85cfccb\" data-element_type=\"container\" data-e-type=\"container\">\n\t\t\t\t<div class=\"elementor-element elementor-element-ba79946 elementor-widget elementor-widget-heading\" data-id=\"ba79946\" data-element_type=\"widget\" data-e-type=\"widget\" data-widget_type=\"heading.default\">\n\t\t\t\t<div class=\"elementor-widget-container\">\n\t\t\t\t\t<p class=\"elementor-heading-title elementor-size-default\">Saisissez votre Code de Suivi pour consulter l\u2019\u00e9tat actuel de votre demande. Chez Mesure Afrique, nous nous engageons \u00e0 respecter vos d\u00e9lais tout en garantissant une pr\u00e9cision rigoureuse pour vos chiffrages et prescriptions techniques.<\/p>\t\t\t\t<\/div>\n\t\t\t\t<\/div>\n\t\t\t\t<div class=\"elementor-element elementor-element-4d3265d elementor-widget elementor-widget-heading\" data-id=\"4d3265d\" data-element_type=\"widget\" data-e-type=\"widget\" data-widget_type=\"heading.default\">\n\t\t\t\t<div class=\"elementor-widget-container\">\n\t\t\t\t\t<p class=\"elementor-heading-title elementor-size-default\">De la soumission des plans \u00e0 la livraison de vos m\u00e9tr\u00e9s, gardez un \u0153il sur chaque \u00e9tape de votre dossier.<\/p>\t\t\t\t<\/div>\n\t\t\t\t<\/div>\n\t\t\t\t<div class=\"elementor-element elementor-element-6dc6db3 elementor-widget elementor-widget-heading\" data-id=\"6dc6db3\" data-element_type=\"widget\" data-e-type=\"widget\" data-widget_type=\"heading.default\">\n\t\t\t\t<div class=\"elementor-widget-container\">\n\t\t\t\t\t<h2 class=\"elementor-heading-title elementor-size-default\">Suivez l\u2019Avancement de Votre \u00c9tude en Temps R\u00e9el<\/h2>\t\t\t\t<\/div>\n\t\t\t\t<\/div>\n\t\t\t\t<\/div>\n\t\t\t\t\t<\/div>\n\t\t\t\t<\/div>\n\t\t<div class=\"elementor-element elementor-element-466d668e e-flex e-con-boxed e-con e-parent\" data-id=\"466d668e\" data-element_type=\"container\" data-e-type=\"container\">\n\t\t\t\t\t<div class=\"e-con-inner\">\n\t\t\t\t<div class=\"elementor-element elementor-element-5233404 elementor-widget elementor-widget-shortcode\" data-id=\"5233404\" data-element_type=\"widget\" data-e-type=\"widget\" data-widget_type=\"shortcode.default\">\n\t\t\t\t<div class=\"elementor-widget-container\">\n\t\t\t\t\t\t\t<div class=\"elementor-shortcode\">\n<div class=\"cf7rt-tracking-page\">\n    <div class=\"cf7rt-container\">\n        <h2>Track your request<\/h2>\n\n        <!-- Lookup Form -->\n        <form method=\"get\" class=\"cf7rt-lookup-form\" action=\"\">\n            <div class=\"cf7rt-form-group\">\n                <label for=\"tracking_code\">Enter your Tracking Code<\/label>\n                <input type=\"text\" id=\"tracking_code\" name=\"code\" value=\"\"\n                    placeholder=\"ex: ABC12345\" required>\n            <\/div>\n            <button type=\"submit\" class=\"cf7rt-button\">Track your request<\/button>\n        <input type=\"hidden\" name=\"trp-form-language\" value=\"en\"\/><\/form>\n\n        <!-- Error Message -->\n        \n        <!-- Request Details -->\n            <\/div>\n<\/div><\/div>\n\t\t\t\t\t\t<\/div>\n\t\t\t\t<\/div>\n\t\t\t\t\t<\/div>\n\t\t\t\t<\/div>\n\t\t\t\t<\/div>","protected":false},"excerpt":{"rendered":"<p>Saisissez votre Code de Suivi pour consulter l\u2019\u00e9tat actuel de votre demande. Chez Mesure Afrique, nous nous engageons \u00e0 respecter [&hellip;]<\/p>\n","protected":false},"author":1,"featured_media":0,"parent":0,"menu_order":0,"comment_status":"closed","ping_status":"closed","template":"","meta":{"site-sidebar-layout":"default","site-content-layout":"","ast-site-content-layout":"default","site-content-style":"default","site-sidebar-style":"default","ast-global-header-display":"","ast-banner-title-visibility":"","ast-main-header-display":"","ast-hfb-above-header-display":"","ast-hfb-below-header-display":"","ast-hfb-mobile-header-display":"","site-post-title":"","ast-breadcrumbs-content":"","ast-featured-img":"","footer-sml-layout":"","ast-disable-related-posts":"","theme-transparent-header-meta":"","adv-header-id-meta":"","stick-header-meta":"","header-above-stick-meta":"","header-main-stick-meta":"","header-below-stick-meta":"","astra-migrate-meta-layouts":"default","ast-page-background-enabled":"default","ast-page-background-meta":{"desktop":{"background-color":"var(--ast-global-color-5)","background-image":"","background-repeat":"repeat","background-position":"center center","background-size":"auto","background-attachment":"scroll","background-type":"","background-media":"","overlay-type":"","overlay-color":"","overlay-opacity":"","overlay-gradient":""},"tablet":{"background-color":"","background-image":"","background-repeat":"repeat","background-position":"center center","background-size":"auto","background-attachment":"scroll","background-type":"","background-media":"","overlay-type":"","overlay-color":"","overlay-opacity":"","overlay-gradient":""},"mobile":{"background-color":"","background-image":"","background-repeat":"repeat","background-position":"center center","background-size":"auto","background-attachment":"scroll","background-type":"","background-media":"","overlay-type":"","overlay-color":"","overlay-opacity":"","overlay-gradient":""}},"ast-content-background-meta":{"desktop":{"background-color":"var(--ast-global-color-4)","background-image":"","background-repeat":"repeat","background-position":"center center","background-size":"auto","background-attachment":"scroll","background-type":"","background-media":"","overlay-type":"","overlay-color":"","overlay-opacity":"","overlay-gradient":""},"tablet":{"background-color":"var(--ast-global-color-4)","background-image":"","background-repeat":"repeat","background-position":"center center","background-size":"auto","background-attachment":"scroll","background-type":"","background-media":"","overlay-type":"","overlay-color":"","overlay-opacity":"","overlay-gradient":""},"mobile":{"background-color":"var(--ast-global-color-4)","background-image":"","background-repeat":"repeat","background-position":"center center","background-size":"auto","background-attachment":"scroll","background-type":"","background-media":"","overlay-type":"","overlay-color":"","overlay-opacity":"","overlay-gradient":""}},"footnotes":""},"class_list":["post-1314","page","type-page","status-publish","hentry"],"_links":{"self":[{"href":"https:\/\/updates.mesure-afrique.com\/en\/wp-json\/wp\/v2\/pages\/1314","targetHints":{"allow":["GET"]}}],"collection":[{"href":"https:\/\/updates.mesure-afrique.com\/en\/wp-json\/wp\/v2\/pages"}],"about":[{"href":"https:\/\/updates.mesure-afrique.com\/en\/wp-json\/wp\/v2\/types\/page"}],"author":[{"embeddable":true,"href":"https:\/\/updates.mesure-afrique.com\/en\/wp-json\/wp\/v2\/users\/1"}],"replies":[{"embeddable":true,"href":"https:\/\/updates.mesure-afrique.com\/en\/wp-json\/wp\/v2\/comments?post=1314"}],"version-history":[{"count":4,"href":"https:\/\/updates.mesure-afrique.com\/en\/wp-json\/wp\/v2\/pages\/1314\/revisions"}],"predecessor-version":[{"id":1449,"href":"https:\/\/updates.mesure-afrique.com\/en\/wp-json\/wp\/v2\/pages\/1314\/revisions\/1449"}],"wp:attachment":[{"href":"https:\/\/updates.mesure-afrique.com\/en\/wp-json\/wp\/v2\/media?parent=1314"}],"curies":[{"name":"wp","href":"https:\/\/api.w.org\/{rel}","templated":true}]}}