{"id":1166,"date":"2026-01-21T00:25:04","date_gmt":"2026-01-21T00:25:04","guid":{"rendered":"https:\/\/updates.mesure-afrique.com\/?page_id=1166"},"modified":"2026-01-23T18:59:14","modified_gmt":"2026-01-23T18:59:14","slug":"estimation-rapide","status":"publish","type":"page","link":"https:\/\/updates.mesure-afrique.com\/en\/estimation-rapide\/","title":{"rendered":"Quick Estimate"},"content":{"rendered":"\t\t<div data-elementor-type=\"wp-page\" data-elementor-id=\"1166\" class=\"elementor elementor-1166\" data-elementor-post-type=\"page\">\n\t\t\t\t<div class=\"elementor-element elementor-element-f65d613 e-flex e-con-boxed e-con e-child\" data-id=\"f65d613\" data-element_type=\"container\" data-e-type=\"container\">\n\t\t\t\t\t<div class=\"e-con-inner\">\n\t\t\t\t<div class=\"elementor-element elementor-element-ef9d29d elementor-widget elementor-widget-heading\" data-id=\"ef9d29d\" data-element_type=\"widget\" data-e-type=\"widget\" data-widget_type=\"heading.default\">\n\t\t\t\t<div class=\"elementor-widget-container\">\n\t\t\t\t\t<h2 class=\"elementor-heading-title elementor-size-default\">Obtenez votre chiffrage technique <\/h2>\t\t\t\t<\/div>\n\t\t\t\t<\/div>\n\t\t\t\t<div class=\"elementor-element elementor-element-f184f9f elementor-widget elementor-widget-heading\" data-id=\"f184f9f\" data-element_type=\"widget\" data-e-type=\"widget\" data-widget_type=\"heading.default\">\n\t\t\t\t<div class=\"elementor-widget-container\">\n\t\t\t\t\t<p class=\"elementor-heading-title elementor-size-default\">Transformez vos plans en donn\u00e9es financi\u00e8res fiables. Notre \u00e9quipe d'experts analyse vos documents pour s\u00e9curiser votre budget de construction.<\/p>\t\t\t\t<\/div>\n\t\t\t\t<\/div>\n\t\t\t\t\t<\/div>\n\t\t\t\t<\/div>\n\t\t<div class=\"elementor-element elementor-element-2b20f72 e-flex e-con-boxed e-con e-parent\" data-id=\"2b20f72\" data-element_type=\"container\" data-e-type=\"container\">\n\t\t\t\t\t<div class=\"e-con-inner\">\n\t\t\t\t<div class=\"elementor-element elementor-element-dcca645 elementor-widget elementor-widget-shortcode\" data-id=\"dcca645\" data-element_type=\"widget\" data-e-type=\"widget\" data-widget_type=\"shortcode.default\">\n\t\t\t\t<div class=\"elementor-widget-container\">\n\t\t\t\t\t\t\t<div class=\"elementor-shortcode\">\n<div class=\"wpcf7 no-js\" id=\"wpcf7-f1165-o1\" lang=\"fr-FR\" dir=\"ltr\" data-wpcf7-id=\"1165\">\n<div class=\"screen-reader-response\"><p role=\"status\" aria-live=\"polite\" aria-atomic=\"true\"><\/p> <ul><\/ul><\/div>\n<form action=\"\/en\/wp-json\/wp\/v2\/pages\/1166#wpcf7-f1165-o1\" method=\"post\" class=\"wpcf7-form init\" aria-label=\"Formulaire de contact\" novalidate=\"novalidate\" data-status=\"init\">\n<fieldset class=\"hidden-fields-container\"><input type=\"hidden\" name=\"_wpcf7\" value=\"1165\" \/><input type=\"hidden\" name=\"_wpcf7_version\" value=\"6.1.5\" \/><input type=\"hidden\" name=\"_wpcf7_locale\" value=\"fr_FR\" \/><input type=\"hidden\" name=\"_wpcf7_unit_tag\" value=\"wpcf7-f1165-o1\" \/><input type=\"hidden\" name=\"_wpcf7_container_post\" value=\"0\" \/><input type=\"hidden\" name=\"_wpcf7_posted_data_hash\" value=\"\" \/><input type=\"hidden\" name=\"_wpcf7_recaptcha_response\" value=\"\" \/>\n<\/fieldset>\n<style>\n \/* ================================\n CF7 \u2013 ULTRA PRO STYLES\n================================ *\/\n .wpcf7 form {\n font-family: 'Outfit', sans-serif;\n }\n\n \/* Grid *\/\n .cf-grid-2 {\n display: grid;\n grid-template-columns: 1fr;\n gap: 16px;\n }\n\n @media (min-width: 768px) {\n .cf-grid-2 {\n grid-template-columns: 1fr 1fr;\n gap: 20px;\n }\n\n .cf-full {\n grid-column: 1 \/ -1;\n }\n }\n\n \/* Labels *\/\n .wpcf7 label {\n font-size: 18px;\n font-weight: 600;\n display: block;\n margin-bottom: 0px;\n }\n\n \/* Inputs \/ Select \/ File \/ Textarea *\/\n .wpcf7 input[type=\"text\"],\n .wpcf7 input[type=\"email\"],\n .wpcf7 input[type=\"tel\"],\n .wpcf7 select,\n .wpcf7 input[type=\"file\"],\n .wpcf7 textarea {\n width: 100%;\n font-size: 18px;\n font-family: 'Outfit', sans-serif;\n padding: 14px 16px;\n border-radius: 8px;\n border: 1px solid #d1d5db;\n background-color: #ffffff;\n transition: all 0.25s ease;\n box-sizing: border-box;\n }\n\n \/* Textarea specific *\/\n .wpcf7 textarea {\n min-height: 120px;\n resize: vertical;\n }\n\n \/* Placeholder *\/\n .wpcf7 input::placeholder,\n .wpcf7 textarea::placeholder {\n font-size: 18px;\n font-family: 'Outfit', sans-serif;\n color: #9ca3af;\n }\n\n \/* Hover *\/\n .wpcf7 input:hover,\n .wpcf7 select:hover,\n .wpcf7 textarea:hover {\n border-color: #9ca3af;\n }\n\n \/* Focus *\/\n .wpcf7 input:focus,\n .wpcf7 select:focus,\n .wpcf7 textarea:focus {\n outline: none;\n border-color: #1B3A52;\n box-shadow: 0 0 0 3px rgba(27, 58, 82, 0.18);\n }\n\n \/* Checkbox *\/\n .wpcf7 input[type=\"checkbox\"] {\n width: 18px;\n height: 18px;\n accent-color: #1B3A52;\n margin-right: 6px;\n }\n\n \/* File input \u2013 French button text *\/\n .wpcf7 input[type=\"file\"]::file-selector-button {\n font-family: 'Outfit', sans-serif;\n font-size: 16px;\n padding: 8px 14px;\n margin-right: 12px;\n border-radius: 8px;\n border: 1px solid #1B3A52;\n background-color: #ffffff;\n color: #1B3A52;\n cursor: pointer;\n transition: all 0.2s ease;\n content: \"S\u00e9lectionner un fichier\";\n }\n\n .wpcf7 input[type=\"file\"]::file-selector-button:hover {\n background-color: #1B3A52;\n color: #ffffff;\n }\n\n \/* Submit *\/\n .wpcf7 input[type=\"submit\"] {\n font-size: 16px;\n font-family: 'Outfit', sans-serif;\n padding: 14px 32px;\n letter-spacing: 1px;\n border-radius: 10px;\n border: none;\n background-color: #1B3A52;\n color: #ffffff;\n cursor: pointer;\n transition: all 0.25s ease;\n }\n\n .wpcf7 input[type=\"submit\"]:hover {\n transform: translateY(-1px);\n box-shadow: 0 10px 20px rgba(27, 58, 82, 0.35);\n }\n<\/style>\n<div style=\"max-width:900px; margin:auto;\">\n\n <!-- SECTION 1 -->\n\t<h3\n        style=\"font-size:22px; margin:20px 0 10px; border-bottom:1px solid #ddd; padding-bottom:4px;letter-spacing: 0.5px;\"><br \/>\nSection 1 : Vos Informations\n\t<\/h3>\n\t<div class=\"cf-grid-2\">\n\t\t<div>\n\t\t\t<p><label>Nom & Pr\u00e9nom *<\/label><br \/>\n<span class=\"wpcf7-form-control-wrap\" data-name=\"nom-prenom\"><input size=\"40\" maxlength=\"400\" class=\"wpcf7-form-control wpcf7-text wpcf7-validates-as-required\" aria-required=\"true\" aria-invalid=\"false\" value=\"\" type=\"text\" name=\"nom-prenom\" \/><\/span>\n\t\t\t<\/p>\n\t\t<\/div>\n\t\t<div>\n\t\t\t<p><label>Nom de l'entreprise<\/label><br \/>\n<span class=\"wpcf7-form-control-wrap\" data-name=\"nom-entreprise\"><input size=\"40\" maxlength=\"400\" class=\"wpcf7-form-control wpcf7-text\" aria-invalid=\"false\" value=\"\" type=\"text\" name=\"nom-entreprise\" \/><\/span>\n\t\t\t<\/p>\n\t\t\t<p style=\"font-size:12px; color:#666; margin:2px 0 0;\"><br \/>\nOptionnel pour le r\u00e9sidentiel\n\t\t\t<\/p>\n\t\t<\/div>\n\t\t<div>\n\t\t\t<p><label>Adresse e-mail *<\/label><br \/>\n<span class=\"wpcf7-form-control-wrap\" data-name=\"adresse-email\"><input size=\"40\" maxlength=\"400\" class=\"wpcf7-form-control wpcf7-email wpcf7-validates-as-required wpcf7-text wpcf7-validates-as-email\" aria-required=\"true\" aria-invalid=\"false\" value=\"\" type=\"email\" name=\"adresse-email\" \/><\/span>\n\t\t\t<\/p>\n\t\t<\/div>\n\t\t<div>\n\t\t\t<p><label>Num\u00e9ro de t\u00e9l\u00e9phone *<\/label><br \/>\n<span class=\"wpcf7-form-control-wrap\" data-name=\"numero-telephone\"><input size=\"40\" maxlength=\"400\" class=\"wpcf7-form-control wpcf7-tel wpcf7-validates-as-required wpcf7-text wpcf7-validates-as-tel\" aria-required=\"true\" aria-invalid=\"false\" value=\"\" type=\"tel\" name=\"numero-telephone\" \/><\/span>\n\t\t\t<\/p>\n\t\t<\/div>\n\t<\/div>\n\n <!-- SECTION 2 -->\n\t<h3\n        style=\"font-size:22px; margin:26px 0 10px; border-bottom:1px solid #ddd; padding-bottom:4px;letter-spacing: 0.5px;\"><br \/>\nSection 2 : D\u00e9tails du Projet\n\t<\/h3>\n\t<div class=\"cf-grid-2\">\n\t\t<div>\n\t\t\t<p><label>Nom du projet *<\/label><br \/>\n<span class=\"wpcf7-form-control-wrap\" data-name=\"nom-projet\"><input size=\"40\" maxlength=\"400\" class=\"wpcf7-form-control wpcf7-text wpcf7-validates-as-required\" aria-required=\"true\" aria-invalid=\"false\" value=\"\" type=\"text\" name=\"nom-projet\" \/><\/span>\n\t\t\t<\/p>\n\t\t<\/div>\n\t\t<div>\n\t\t\t<p><label>Type de projet *<\/label><br \/>\n<span class=\"wpcf7-form-control-wrap\" data-name=\"type-projet\"><select class=\"wpcf7-form-control wpcf7-select wpcf7-validates-as-required\" aria-required=\"true\" aria-invalid=\"false\" name=\"type-projet\"><option value=\"R\u00e9sidentiel (Villa, Immeuble d&#039;habitation)\">R\u00e9sidentiel (Villa, Immeuble d&#039;habitation)<\/option><option value=\"Non r\u00e9sidentiel (Bureaux, Commerce, Industriel)\">Non r\u00e9sidentiel (Bureaux, Commerce, Industriel)<\/option><\/select><\/span>\n\t\t\t<\/p>\n\t\t<\/div>\n\t<\/div>\n\n <!-- SECTION 3 -->\n\t<h3\n        style=\"font-size:22px; margin:26px 0 10px; border-bottom:1px solid #ddd; padding-bottom:4px;letter-spacing: 0.5px;\"><br \/>\nSection 3 : P\u00e9rim\u00e8tre de l'estimation\n\t<\/h3>\n\t<p style=\"margin:6px 0;\">Cochez les lots \u00e0 chiffrer :\n\t<\/p>\n\t<div class=\"cf-full\">\n\t\t<p><span class=\"wpcf7-form-control-wrap\" data-name=\"perimetre-estimation\"><span class=\"wpcf7-form-control wpcf7-checkbox\"><span class=\"wpcf7-list-item first\"><label><input type=\"checkbox\" name=\"perimetre-estimation[]\" value=\"Gros \u0152uvre (Fondations, Structure, Ma\u00e7onnerie)\" \/><span class=\"wpcf7-list-item-label\">Gros \u0152uvre (Fondations, Structure, Ma\u00e7onnerie)<\/span><\/label><\/span><span class=\"wpcf7-list-item\"><label><input type=\"checkbox\" name=\"perimetre-estimation[]\" value=\"Second \u0152uvre (\u00c9lectricit\u00e9, Plomberie, Finitions)\" \/><span class=\"wpcf7-list-item-label\">Second \u0152uvre (\u00c9lectricit\u00e9, Plomberie, Finitions)<\/span><\/label><\/span><span class=\"wpcf7-list-item last\"><label><input type=\"checkbox\" name=\"perimetre-estimation[]\" value=\"Autres (Am\u00e9nagements ext\u00e9rieurs, VRD, etc.)\" \/><span class=\"wpcf7-list-item-label\">Autres (Am\u00e9nagements ext\u00e9rieurs, VRD, etc.)<\/span><\/label><\/span><\/span><\/span>\n\t\t<\/p>\n\t<\/div>\n\n <!-- SECTION 4 -->\n\t<h3\n        style=\"font-size:22px; margin:26px 0 10px; border-bottom:1px solid #ddd; padding-bottom:4px;letter-spacing: 0.5px;\"><br \/>\nSection 4 : Documents Techniques\n\t<\/h3>\n\t<div class=\"cf-full\">\n\t\t<p><label>Pi\u00e8ces \u00e9crites et graphiques<\/label><br \/>\n<div class=\"wpcf7-form-control-wrap\" data-name=\"google_drive-555\">                <div class=\"igd igd-shortcode-wrap igd-shortcode-uploader\"\n                     data-shortcode-data=\"eyJ0eXBlIjoidXBsb2FkZXIiLCJpc0Zvcm1VcGxvYWRlciI6ImNmNyIsImlzUmVxdWlyZWQiOmZhbHNlLCJpZCI6MSwidGl0bGUiOiJNb2R1bGUgKCMxKSAtIEZpbGUgVXBsb2FkZXIgIC0gQ29udGFjdCBGb3JtIDcgKCMxMTY1KSIsImZvbGRlcnMiOltdLCJwYXJlbnRGb2xkZXIiOm51bGwsInRlbXBsYXRlRm9sZGVyIjpudWxsLCJhbGxvd0FsbEV4dGVuc2lvbnMiOnRydWUsImlzTW9kdWxlQnVpbGRlciI6ImNmNyIsImxvY2F0aW9uIjoiaHR0cHM6XC9cL3VwZGF0ZXMubWVzdXJlLWFmcmlxdWUuY29tXC93cC1hZG1pblwvYWRtaW4ucGhwP3BhZ2U9d3BjZjcmcG9zdD0xMTY1JmFjdGlvbj1lZGl0JmlkPTEiLCJub25jZSI6ImFhNzlmYTAzMTkiLCJwcmV2aWV3Ijp0cnVlLCJkb3dubG9hZCI6dHJ1ZSwiY2FuRGVsZXRlIjpmYWxzZSwicmVuYW1lIjpmYWxzZSwidXBsb2FkIjp0cnVlLCJuZXdGb2xkZXIiOmZhbHNlLCJtb3ZlQ29weSI6ZmFsc2UsImFsbG93U2hhcmUiOmZhbHNlLCJhbGxvd1NlYXJjaCI6ZmFsc2UsImNyZWF0ZURvYyI6ZmFsc2UsImVkaXQiOmZhbHNlLCJjb3B5TGluayI6ZmFsc2UsImRldGFpbHMiOmZhbHNlLCJjb21tZW50IjpmYWxzZSwicGhvdG9Qcm9vZiI6ZmFsc2UsImZpbHRlcnMiOnsiYWxsb3dFeHRlbnNpb25zIjoiIiwiYWxsb3dBbGxFeHRlbnNpb25zIjp0cnVlLCJhbGxvd0V4Y2VwdEV4dGVuc2lvbnMiOiIiLCJhbGxvd05hbWVzIjoiIiwiYWxsb3dBbGxOYW1lcyI6IiIsImFsbG93RXhjZXB0TmFtZXMiOiIiLCJuYW1lRmlsdGVyT3B0aW9ucyI6WyJmaWxlcyJdLCJzaG93RmlsZXMiOnRydWUsInNob3dGb2xkZXJzIjp0cnVlfSwiYWNjb3VudHMiOnsiMTIxNDk4MjMwMTM5MDM2NTYzMDYiOnsiaWQiOiIxMjE0OTgyMzAxMzkwMzY1NjMwNiIsIm5hbWUiOiIiLCJlbWFpbCI6IiIsInBob3RvIjoiaHR0cHM6XC9cL2xoMy5nb29nbGV1c2VyY29udGVudC5jb21cL2FcL0FDZzhvY0k1ZVF2SDFTYjc3R2J1dFNWLTdPR0lPUHM2QzZTRjZGNmlNV3hTakNNTlJSQUZHdz1zNjQiLCJzdG9yYWdlIjp7InVzYWdlIjoiMTQ4MjciLCJsaW1pdCI6IjE2MTA2MTI3MzYwIn0sImxvc3QiOmZhbHNlLCJ1c2VyX2lkIjpbImFkbWluIl0sInNjb3BlIjoiZW50aXJlX2RyaXZlIiwicm9vdF9pZCI6IjBBS3p2ZjgydlpzRWZVazlQVkEifX0sImFjY291bnQiOnsiaWQiOiIxMjE0OTgyMzAxMzkwMzY1NjMwNiIsIm5hbWUiOiIiLCJlbWFpbCI6IiIsInBob3RvIjoiaHR0cHM6XC9cL2xoMy5nb29nbGV1c2VyY29udGVudC5jb21cL2FcL0FDZzhvY0k1ZVF2SDFTYjc3R2J1dFNWLTdPR0lPUHM2QzZTRjZGNmlNV3hTakNNTlJSQUZHdz1zNjQiLCJzdG9yYWdlIjp7InVzYWdlIjoiMTQ4MjciLCJsaW1pdCI6IjE2MTA2MTI3MzYwIn0sImxvc3QiOmZhbHNlLCJ1c2VyX2lkIjpbImFkbWluIl0sInNjb3BlIjoiZW50aXJlX2RyaXZlIiwicm9vdF9pZCI6IjBBS3p2ZjgydlpzRWZVazlQVkEifX0=\"\n                     style=\"--module-width: 100%; --module-height: ;\"\n                ><\/div>\n                <input name=\"google_drive-555\" class=\"wpcf7-form-control wpcf7-google_drive upload-file-list igd-hidden\" aria-invalid=\"false\" aria-required=\"false\" \/><input type='hidden' name='_user_id' value='0' \/><\/div>\n\t\t<\/p>\n\t<\/div>\n\n <!-- SECTION 5 - Additional Information -->\n\t<h3\n        style=\"font-size:22px; margin:26px 0 10px; border-bottom:1px solid #ddd; padding-bottom:4px;letter-spacing: 0.5px;\"><br \/>\nSection 5 : Informations Compl\u00e9mentaires\n\t<\/h3>\n\t<div class=\"cf-full\">\n\t\t<p><label>Informations suppl\u00e9mentaires<\/label><br \/>\n<span class=\"wpcf7-form-control-wrap\" data-name=\"informations-complementaires\"><textarea cols=\"40\" rows=\"10\" maxlength=\"2000\" class=\"wpcf7-form-control wpcf7-textarea\" aria-invalid=\"false\" placeholder=\"Ajoutez ici toute information compl\u00e9mentaire concernant\n        votre projet...\" name=\"informations-complementaires\"><\/textarea><\/span>\n\t\t<\/p>\n\t\t<p style=\"font-size:12px; color:#666; margin:2px 0 0;\"><br \/>\nOptionnel - Pr\u00e9cisions, contraintes particuli\u00e8res, d\u00e9lais souhait\u00e9s, etc.\n\t\t<\/p>\n\t<\/div>\n\n <!-- SUBMIT -->\n\t<div class=\"cf-full\" style=\"margin-top:24px;\">\n\t\t<p><input class=\"wpcf7-form-control wpcf7-submit has-spinner\" type=\"submit\" value=\"Envoyer\" \/>\n\t\t<\/p>\n\t<\/div>\n<\/div><div class=\"wpcf7-response-output\" aria-hidden=\"true\"><\/div>\n<\/form>\n<\/div>\n<\/div>\n\t\t\t\t\t\t<\/div>\n\t\t\t\t<\/div>\n\t\t\t\t\t<\/div>\n\t\t\t\t<\/div>\n\t\t\t\t<\/div>\n\t\t","protected":false},"excerpt":{"rendered":"<p>Obtenez votre chiffrage technique Transformez vos plans en donn\u00e9es financi\u00e8res fiables. Notre \u00e9quipe d&rsquo;experts analyse vos documents pour s\u00e9curiser votre [&hellip;]<\/p>\n","protected":false},"author":1,"featured_media":0,"parent":0,"menu_order":0,"comment_status":"closed","ping_status":"closed","template":"","meta":{"site-sidebar-layout":"no-sidebar","site-content-layout":"","ast-site-content-layout":"full-width-container","site-content-style":"default","site-sidebar-style":"default","ast-global-header-display":"","ast-banner-title-visibility":"","ast-main-header-display":"","ast-hfb-above-header-display":"","ast-hfb-below-header-display":"","ast-hfb-mobile-header-display":"","site-post-title":"","ast-breadcrumbs-content":"","ast-featured-img":"disabled","footer-sml-layout":"","ast-disable-related-posts":"","theme-transparent-header-meta":"","adv-header-id-meta":"","stick-header-meta":"","header-above-stick-meta":"","header-main-stick-meta":"","header-below-stick-meta":"","astra-migrate-meta-layouts":"default","ast-page-background-enabled":"default","ast-page-background-meta":{"desktop":{"background-color":"var(--ast-global-color-5)","background-image":"","background-repeat":"repeat","background-position":"center center","background-size":"auto","background-attachment":"scroll","background-type":"","background-media":"","overlay-type":"","overlay-color":"","overlay-opacity":"","overlay-gradient":""},"tablet":{"background-color":"","background-image":"","background-repeat":"repeat","background-position":"center center","background-size":"auto","background-attachment":"scroll","background-type":"","background-media":"","overlay-type":"","overlay-color":"","overlay-opacity":"","overlay-gradient":""},"mobile":{"background-color":"","background-image":"","background-repeat":"repeat","background-position":"center center","background-size":"auto","background-attachment":"scroll","background-type":"","background-media":"","overlay-type":"","overlay-color":"","overlay-opacity":"","overlay-gradient":""}},"ast-content-background-meta":{"desktop":{"background-color":"var(--ast-global-color-4)","background-image":"","background-repeat":"repeat","background-position":"center center","background-size":"auto","background-attachment":"scroll","background-type":"","background-media":"","overlay-type":"","overlay-color":"","overlay-opacity":"","overlay-gradient":""},"tablet":{"background-color":"var(--ast-global-color-4)","background-image":"","background-repeat":"repeat","background-position":"center center","background-size":"auto","background-attachment":"scroll","background-type":"","background-media":"","overlay-type":"","overlay-color":"","overlay-opacity":"","overlay-gradient":""},"mobile":{"background-color":"var(--ast-global-color-4)","background-image":"","background-repeat":"repeat","background-position":"center center","background-size":"auto","background-attachment":"scroll","background-type":"","background-media":"","overlay-type":"","overlay-color":"","overlay-opacity":"","overlay-gradient":""}},"footnotes":""},"class_list":["post-1166","page","type-page","status-publish","hentry"],"_links":{"self":[{"href":"https:\/\/updates.mesure-afrique.com\/en\/wp-json\/wp\/v2\/pages\/1166","targetHints":{"allow":["GET"]}}],"collection":[{"href":"https:\/\/updates.mesure-afrique.com\/en\/wp-json\/wp\/v2\/pages"}],"about":[{"href":"https:\/\/updates.mesure-afrique.com\/en\/wp-json\/wp\/v2\/types\/page"}],"author":[{"embeddable":true,"href":"https:\/\/updates.mesure-afrique.com\/en\/wp-json\/wp\/v2\/users\/1"}],"replies":[{"embeddable":true,"href":"https:\/\/updates.mesure-afrique.com\/en\/wp-json\/wp\/v2\/comments?post=1166"}],"version-history":[{"count":12,"href":"https:\/\/updates.mesure-afrique.com\/en\/wp-json\/wp\/v2\/pages\/1166\/revisions"}],"predecessor-version":[{"id":1331,"href":"https:\/\/updates.mesure-afrique.com\/en\/wp-json\/wp\/v2\/pages\/1166\/revisions\/1331"}],"wp:attachment":[{"href":"https:\/\/updates.mesure-afrique.com\/en\/wp-json\/wp\/v2\/media?parent=1166"}],"curies":[{"name":"wp","href":"https:\/\/api.w.org\/{rel}","templated":true}]}}